{"id":7,"date":"2025-09-13T00:43:44","date_gmt":"2025-09-12T22:43:44","guid":{"rendered":"http:\/\/cnorto.devzadbana.pl\/?page_id=7"},"modified":"2025-09-14T15:20:38","modified_gmt":"2025-09-14T13:20:38","slug":"cnorto","status":"publish","type":"page","link":"https:\/\/cnorto.devzadbana.pl\/","title":{"rendered":"cnorto"},"content":{"rendered":"\t\t<div data-elementor-type=\"wp-post\" data-elementor-id=\"7\" class=\"elementor elementor-7\">\n\t\t\t\t<div class=\"elementor-element elementor-element-c817b20 e-flex e-con-boxed e-con e-parent\" data-id=\"c817b20\" data-element_type=\"container\" data-settings=\"{&quot;background_background&quot;:&quot;video&quot;,&quot;background_video_link&quot;:&quot;http:\\\/\\\/cnorto.devzadbana.pl\\\/wp-content\\\/uploads\\\/2025\\\/09\\\/petal_20230308_152212.mp4&quot;}\">\n\t\t\t\t\t<div class=\"e-con-inner\">\n\t\t<div class=\"elementor-background-video-container elementor-hidden-mobile\" aria-hidden=\"true\">\n\t\t\t\t\t\t\t<video class=\"elementor-background-video-hosted\" autoplay muted playsinline loop><\/video>\n\t\t\t\t\t<\/div><div class=\"elementor-element elementor-element-420ae9d e-con-full e-flex e-con e-child\" data-id=\"420ae9d\" data-element_type=\"container\">\n\t\t<div class=\"elementor-element elementor-element-81bf166 e-con-full e-flex e-con e-child\" data-id=\"81bf166\" data-element_type=\"container\" data-settings=\"{&quot;background_background&quot;:&quot;classic&quot;}\">\n\t\t\t\t<div class=\"elementor-element elementor-element-3cbbda9 elementor-widget elementor-widget-heading\" data-id=\"3cbbda9\" data-element_type=\"widget\" data-widget_type=\"heading.default\">\n\t\t\t\t\t<h1 class=\"elementor-heading-title elementor-size-default\">Nowoczesna klinika ortodontyczna\nDr Weroniki Wierusz-Hajdackiej<\/h1>\t\t\t\t<\/div>\n\t\t\t\t<div class=\"elementor-element elementor-element-9675bd7 elementor-widget elementor-widget-heading\" data-id=\"9675bd7\" data-element_type=\"widget\" data-widget_type=\"heading.default\">\n\t\t\t\t\t<h2 class=\"elementor-heading-title elementor-size-default\">Um\u00f3w wizyt\u0119\nbez wychodzenia z domu!<\/h2>\t\t\t\t<\/div>\n\t\t\t\t<\/div>\n\t\t\t\t<\/div>\n\t\t<div class=\"elementor-element elementor-element-3352797 e-con-full e-flex e-con e-child\" data-id=\"3352797\" data-element_type=\"container\">\n\t\t\t\t<div class=\"elementor-element elementor-element-9014a3e elementor-align-center elementor-widget elementor-widget-button\" data-id=\"9014a3e\" data-element_type=\"widget\" data-widget_type=\"button.default\">\n\t\t\t\t\t\t\t\t\t\t<a class=\"elementor-button elementor-button-link elementor-size-sm\" href=\"#\">\n\t\t\t\t\t\t<span class=\"elementor-button-content-wrapper\">\n\t\t\t\t\t\t\t\t\t<span class=\"elementor-button-text\">BEZP\u0141ATNA KONSULTACJA ONLINE<\/span>\n\t\t\t\t\t<\/span>\n\t\t\t\t\t<\/a>\n\t\t\t\t\t\t\t\t<\/div>\n\t\t\t\t<div class=\"elementor-element elementor-element-300e660 elementor-align-center elementor-widget elementor-widget-button\" data-id=\"300e660\" data-element_type=\"widget\" data-widget_type=\"button.default\">\n\t\t\t\t\t\t\t\t\t\t<a class=\"elementor-button elementor-button-link elementor-size-sm\" href=\"#\">\n\t\t\t\t\t\t<span class=\"elementor-button-content-wrapper\">\n\t\t\t\t\t\t\t\t\t<span class=\"elementor-button-text\">Um\u00f3w wizyt\u0119 w gabinecie<\/span>\n\t\t\t\t\t<\/span>\n\t\t\t\t\t<\/a>\n\t\t\t\t\t\t\t\t<\/div>\n\t\t\t\t<\/div>\n\t\t\t\t\t<\/div>\n\t\t\t\t<\/div>\n\t\t<div class=\"elementor-element elementor-element-e753195 e-flex e-con-boxed e-con e-parent\" data-id=\"e753195\" data-element_type=\"container\" data-settings=\"{&quot;background_background&quot;:&quot;classic&quot;}\">\n\t\t\t\t\t<div class=\"e-con-inner\">\n\t\t\t\t<div class=\"elementor-element elementor-element-09b4c76 elementor-widget elementor-widget-heading\" data-id=\"09b4c76\" data-element_type=\"widget\" data-widget_type=\"heading.default\">\n\t\t\t\t\t<h2 class=\"elementor-heading-title elementor-size-default\">Dlaczego <b>my?<\/b><\/h2>\t\t\t\t<\/div>\n\t\t<div class=\"elementor-element elementor-element-999b8dd e-con-full e-flex e-con e-child\" data-id=\"999b8dd\" data-element_type=\"container\">\n\t\t<div class=\"elementor-element elementor-element-e4bcd4b e-con-full e-flex e-con e-child\" data-id=\"e4bcd4b\" data-element_type=\"container\">\n\t\t<div class=\"elementor-element elementor-element-786bdf8 e-con-full e-flex e-con e-child\" data-id=\"786bdf8\" data-element_type=\"container\" data-settings=\"{&quot;background_background&quot;:&quot;classic&quot;}\">\n\t\t\t\t<div class=\"elementor-element elementor-element-c50b91a elementor-widget elementor-widget-image\" data-id=\"c50b91a\" data-element_type=\"widget\" data-widget_type=\"image.default\">\n\t\t\t\t\t\t\t\t\t\t\t\t\t\t\t<img fetchpriority=\"high\" decoding=\"async\" width=\"1024\" height=\"1024\" src=\"https:\/\/cnorto.devzadbana.pl\/wp-content\/uploads\/2025\/09\/Ramka-cnorto-bold-1024x1024.png\" class=\"attachment-large size-large wp-image-58\" alt=\"\" srcset=\"https:\/\/cnorto.devzadbana.pl\/wp-content\/uploads\/2025\/09\/Ramka-cnorto-bold-1024x1024.png 1024w, https:\/\/cnorto.devzadbana.pl\/wp-content\/uploads\/2025\/09\/Ramka-cnorto-bold-300x300.png 300w, https:\/\/cnorto.devzadbana.pl\/wp-content\/uploads\/2025\/09\/Ramka-cnorto-bold-150x150.png 150w, https:\/\/cnorto.devzadbana.pl\/wp-content\/uploads\/2025\/09\/Ramka-cnorto-bold-768x768.png 768w, https:\/\/cnorto.devzadbana.pl\/wp-content\/uploads\/2025\/09\/Ramka-cnorto-bold.png 1080w\" sizes=\"(max-width: 1024px) 100vw, 1024px\" \/>\t\t\t\t\t\t\t\t\t\t\t\t\t\t\t<\/div>\n\t\t\t\t<\/div>\n\t\t<div class=\"elementor-element elementor-element-98b7bf8 e-con-full e-flex e-con e-child\" data-id=\"98b7bf8\" data-element_type=\"container\">\n\t\t\t\t<div class=\"elementor-element elementor-element-e9d4d0d elementor-widget elementor-widget-text-editor\" data-id=\"e9d4d0d\" data-element_type=\"widget\" data-widget_type=\"text-editor.default\">\n\t\t\t\t\t\t\t\t\t<p><strong>Wieloletnie do\u015bwiadczenie<\/strong><br \/>Jeste\u015bmy j<strong>edn\u0105 z pierwszych<\/strong> prywatnych praktyk ortodontycznych w Polsce.<\/p>\t\t\t\t\t\t\t\t<\/div>\n\t\t\t\t<\/div>\n\t\t\t\t<\/div>\n\t\t<div class=\"elementor-element elementor-element-87ecf3e e-con-full e-flex e-con e-child\" data-id=\"87ecf3e\" data-element_type=\"container\">\n\t\t<div class=\"elementor-element elementor-element-4f6b63d e-con-full e-flex e-con e-child\" data-id=\"4f6b63d\" data-element_type=\"container\" data-settings=\"{&quot;background_background&quot;:&quot;classic&quot;}\">\n\t\t\t\t<div class=\"elementor-element elementor-element-05bc4d9 elementor-widget elementor-widget-image\" data-id=\"05bc4d9\" data-element_type=\"widget\" data-widget_type=\"image.default\">\n\t\t\t\t\t\t\t\t\t\t\t\t\t\t\t<img fetchpriority=\"high\" decoding=\"async\" width=\"1024\" height=\"1024\" src=\"https:\/\/cnorto.devzadbana.pl\/wp-content\/uploads\/2025\/09\/Ramka-cnorto-bold-1024x1024.png\" class=\"attachment-large size-large wp-image-58\" alt=\"\" srcset=\"https:\/\/cnorto.devzadbana.pl\/wp-content\/uploads\/2025\/09\/Ramka-cnorto-bold-1024x1024.png 1024w, https:\/\/cnorto.devzadbana.pl\/wp-content\/uploads\/2025\/09\/Ramka-cnorto-bold-300x300.png 300w, https:\/\/cnorto.devzadbana.pl\/wp-content\/uploads\/2025\/09\/Ramka-cnorto-bold-150x150.png 150w, https:\/\/cnorto.devzadbana.pl\/wp-content\/uploads\/2025\/09\/Ramka-cnorto-bold-768x768.png 768w, https:\/\/cnorto.devzadbana.pl\/wp-content\/uploads\/2025\/09\/Ramka-cnorto-bold.png 1080w\" sizes=\"(max-width: 1024px) 100vw, 1024px\" \/>\t\t\t\t\t\t\t\t\t\t\t\t\t\t\t<\/div>\n\t\t\t\t<\/div>\n\t\t<div class=\"elementor-element elementor-element-69b4786 e-con-full e-flex e-con e-child\" data-id=\"69b4786\" data-element_type=\"container\">\n\t\t\t\t<div class=\"elementor-element elementor-element-a0af46a elementor-widget elementor-widget-text-editor\" data-id=\"a0af46a\" data-element_type=\"widget\" data-widget_type=\"text-editor.default\">\n\t\t\t\t\t\t\t\t\t<p>Skutecznie leczymy dzieci, m\u0142odzie\u017c i doros\u0142ych. <strong>Specjalizujemy si\u0119 w przezroczystych nak\u0142adkach Invisalign ju\u017c od 2008r.<\/strong><\/p>\t\t\t\t\t\t\t\t<\/div>\n\t\t\t\t<\/div>\n\t\t\t\t<\/div>\n\t\t\t\t<\/div>\n\t\t<div class=\"elementor-element elementor-element-b29058c e-con-full e-flex e-con e-child\" data-id=\"b29058c\" data-element_type=\"container\">\n\t\t<div class=\"elementor-element elementor-element-a32d88c e-con-full e-flex e-con e-child\" data-id=\"a32d88c\" data-element_type=\"container\">\n\t\t<div class=\"elementor-element elementor-element-b23aa54 e-con-full e-flex e-con e-child\" data-id=\"b23aa54\" data-element_type=\"container\" data-settings=\"{&quot;background_background&quot;:&quot;classic&quot;}\">\n\t\t\t\t<div class=\"elementor-element elementor-element-fc5a07d elementor-widget elementor-widget-image\" data-id=\"fc5a07d\" data-element_type=\"widget\" data-widget_type=\"image.default\">\n\t\t\t\t\t\t\t\t\t\t\t\t\t\t\t<img fetchpriority=\"high\" decoding=\"async\" width=\"1024\" height=\"1024\" src=\"https:\/\/cnorto.devzadbana.pl\/wp-content\/uploads\/2025\/09\/Ramka-cnorto-bold-1024x1024.png\" class=\"attachment-large size-large wp-image-58\" alt=\"\" srcset=\"https:\/\/cnorto.devzadbana.pl\/wp-content\/uploads\/2025\/09\/Ramka-cnorto-bold-1024x1024.png 1024w, https:\/\/cnorto.devzadbana.pl\/wp-content\/uploads\/2025\/09\/Ramka-cnorto-bold-300x300.png 300w, https:\/\/cnorto.devzadbana.pl\/wp-content\/uploads\/2025\/09\/Ramka-cnorto-bold-150x150.png 150w, https:\/\/cnorto.devzadbana.pl\/wp-content\/uploads\/2025\/09\/Ramka-cnorto-bold-768x768.png 768w, https:\/\/cnorto.devzadbana.pl\/wp-content\/uploads\/2025\/09\/Ramka-cnorto-bold.png 1080w\" sizes=\"(max-width: 1024px) 100vw, 1024px\" \/>\t\t\t\t\t\t\t\t\t\t\t\t\t\t\t<\/div>\n\t\t\t\t<\/div>\n\t\t<div class=\"elementor-element elementor-element-06af7e9 e-con-full e-flex e-con e-child\" data-id=\"06af7e9\" data-element_type=\"container\">\n\t\t\t\t<div class=\"elementor-element elementor-element-f5ec7e1 elementor-widget elementor-widget-text-editor\" data-id=\"f5ec7e1\" data-element_type=\"widget\" data-widget_type=\"text-editor.default\">\n\t\t\t\t\t\t\t\t\t<p><strong>Nasz zesp\u00f3\u0142 tworz\u0105 lekarze specjali\u015bci<\/strong>, w wi\u0119kszo\u015bci aktywni wyk\u0142adowcy na krajowych i zagranicznych konferencjach i kursach.<\/p>\t\t\t\t\t\t\t\t<\/div>\n\t\t\t\t<\/div>\n\t\t\t\t<\/div>\n\t\t<div class=\"elementor-element elementor-element-60e7732 e-con-full e-flex e-con e-child\" data-id=\"60e7732\" data-element_type=\"container\">\n\t\t<div class=\"elementor-element elementor-element-e40c70e e-con-full e-flex e-con e-child\" data-id=\"e40c70e\" data-element_type=\"container\" data-settings=\"{&quot;background_background&quot;:&quot;classic&quot;}\">\n\t\t\t\t<div class=\"elementor-element elementor-element-cbeb109 elementor-widget elementor-widget-image\" data-id=\"cbeb109\" data-element_type=\"widget\" data-widget_type=\"image.default\">\n\t\t\t\t\t\t\t\t\t\t\t\t\t\t\t<img fetchpriority=\"high\" decoding=\"async\" width=\"1024\" height=\"1024\" src=\"https:\/\/cnorto.devzadbana.pl\/wp-content\/uploads\/2025\/09\/Ramka-cnorto-bold-1024x1024.png\" class=\"attachment-large size-large wp-image-58\" alt=\"\" srcset=\"https:\/\/cnorto.devzadbana.pl\/wp-content\/uploads\/2025\/09\/Ramka-cnorto-bold-1024x1024.png 1024w, https:\/\/cnorto.devzadbana.pl\/wp-content\/uploads\/2025\/09\/Ramka-cnorto-bold-300x300.png 300w, https:\/\/cnorto.devzadbana.pl\/wp-content\/uploads\/2025\/09\/Ramka-cnorto-bold-150x150.png 150w, https:\/\/cnorto.devzadbana.pl\/wp-content\/uploads\/2025\/09\/Ramka-cnorto-bold-768x768.png 768w, https:\/\/cnorto.devzadbana.pl\/wp-content\/uploads\/2025\/09\/Ramka-cnorto-bold.png 1080w\" sizes=\"(max-width: 1024px) 100vw, 1024px\" \/>\t\t\t\t\t\t\t\t\t\t\t\t\t\t\t<\/div>\n\t\t\t\t<\/div>\n\t\t<div class=\"elementor-element elementor-element-79df9ca e-con-full e-flex e-con e-child\" data-id=\"79df9ca\" data-element_type=\"container\">\n\t\t\t\t<div class=\"elementor-element elementor-element-2d29513 elementor-widget elementor-widget-text-editor\" data-id=\"2d29513\" data-element_type=\"widget\" data-widget_type=\"text-editor.default\">\n\t\t\t\t\t\t\t\t\t<p><strong>Bezp\u0142atne miejsca parkingowe dla Pacjent\u00f3w<\/strong> bezpo\u015brednio przed budynkiem.<\/p>\t\t\t\t\t\t\t\t<\/div>\n\t\t\t\t<\/div>\n\t\t\t\t<\/div>\n\t\t\t\t<\/div>\n\t\t\t\t\t<\/div>\n\t\t\t\t<\/div>\n\t\t<div class=\"elementor-element elementor-element-819c967 e-flex e-con-boxed e-con e-parent\" data-id=\"819c967\" data-element_type=\"container\" data-settings=\"{&quot;background_background&quot;:&quot;classic&quot;,&quot;shape_divider_top&quot;:&quot;mountains&quot;,&quot;shape_divider_bottom&quot;:&quot;mountains&quot;}\">\n\t\t\t\t\t<div class=\"e-con-inner\">\n\t\t\t\t<div class=\"elementor-shape elementor-shape-top\" aria-hidden=\"true\" data-negative=\"false\">\n\t\t\t<svg xmlns=\"http:\/\/www.w3.org\/2000\/svg\" viewBox=\"0 0 1000 100\" preserveAspectRatio=\"none\">\n\t<path class=\"elementor-shape-fill\" opacity=\"0.33\" d=\"M473,67.3c-203.9,88.3-263.1-34-320.3,0C66,119.1,0,59.7,0,59.7V0h1000v59.7 c0,0-62.1,26.1-94.9,29.3c-32.8,3.3-62.8-12.3-75.8-22.1C806,49.6,745.3,8.7,694.9,4.7S492.4,59,473,67.3z\"\/>\n\t<path class=\"elementor-shape-fill\" opacity=\"0.66\" d=\"M734,67.3c-45.5,0-77.2-23.2-129.1-39.1c-28.6-8.7-150.3-10.1-254,39.1 s-91.7-34.4-149.2,0C115.7,118.3,0,39.8,0,39.8V0h1000v36.5c0,0-28.2-18.5-92.1-18.5C810.2,18.1,775.7,67.3,734,67.3z\"\/>\n\t<path class=\"elementor-shape-fill\" d=\"M766.1,28.9c-200-57.5-266,65.5-395.1,19.5C242,1.8,242,5.4,184.8,20.6C128,35.8,132.3,44.9,89.9,52.5C28.6,63.7,0,0,0,0 h1000c0,0-9.9,40.9-83.6,48.1S829.6,47,766.1,28.9z\"\/>\n<\/svg>\t\t<\/div>\n\t\t\t\t<div class=\"elementor-shape elementor-shape-bottom\" aria-hidden=\"true\" data-negative=\"false\">\n\t\t\t<svg xmlns=\"http:\/\/www.w3.org\/2000\/svg\" viewBox=\"0 0 1000 100\" preserveAspectRatio=\"none\">\n\t<path class=\"elementor-shape-fill\" opacity=\"0.33\" d=\"M473,67.3c-203.9,88.3-263.1-34-320.3,0C66,119.1,0,59.7,0,59.7V0h1000v59.7 c0,0-62.1,26.1-94.9,29.3c-32.8,3.3-62.8-12.3-75.8-22.1C806,49.6,745.3,8.7,694.9,4.7S492.4,59,473,67.3z\"\/>\n\t<path class=\"elementor-shape-fill\" opacity=\"0.66\" d=\"M734,67.3c-45.5,0-77.2-23.2-129.1-39.1c-28.6-8.7-150.3-10.1-254,39.1 s-91.7-34.4-149.2,0C115.7,118.3,0,39.8,0,39.8V0h1000v36.5c0,0-28.2-18.5-92.1-18.5C810.2,18.1,775.7,67.3,734,67.3z\"\/>\n\t<path class=\"elementor-shape-fill\" d=\"M766.1,28.9c-200-57.5-266,65.5-395.1,19.5C242,1.8,242,5.4,184.8,20.6C128,35.8,132.3,44.9,89.9,52.5C28.6,63.7,0,0,0,0 h1000c0,0-9.9,40.9-83.6,48.1S829.6,47,766.1,28.9z\"\/>\n<\/svg>\t\t<\/div>\n\t\t\t\t<div class=\"elementor-element elementor-element-8536f16 elementor-widget elementor-widget-heading\" data-id=\"8536f16\" data-element_type=\"widget\" data-widget_type=\"heading.default\">\n\t\t\t\t\t<h2 class=\"elementor-heading-title elementor-size-default\">Dlaczego <b>my?<\/b><\/h2>\t\t\t\t<\/div>\n\t\t<div class=\"elementor-element elementor-element-a81da50 e-con-full e-flex e-con e-child\" data-id=\"a81da50\" data-element_type=\"container\">\n\t\t<div class=\"elementor-element elementor-element-f5cc3f7 e-con-full e-flex e-con e-child\" data-id=\"f5cc3f7\" data-element_type=\"container\">\n\t\t<div class=\"elementor-element elementor-element-ce01bd2 e-con-full e-flex e-con e-child\" data-id=\"ce01bd2\" data-element_type=\"container\" data-settings=\"{&quot;background_background&quot;:&quot;classic&quot;}\">\n\t\t\t\t<div class=\"elementor-element elementor-element-dd05e5c elementor-widget elementor-widget-image\" data-id=\"dd05e5c\" data-element_type=\"widget\" data-widget_type=\"image.default\">\n\t\t\t\t\t\t\t\t\t\t\t\t\t\t\t<img fetchpriority=\"high\" decoding=\"async\" width=\"1024\" height=\"1024\" src=\"https:\/\/cnorto.devzadbana.pl\/wp-content\/uploads\/2025\/09\/Ramka-cnorto-bold-1024x1024.png\" class=\"attachment-large size-large wp-image-58\" alt=\"\" srcset=\"https:\/\/cnorto.devzadbana.pl\/wp-content\/uploads\/2025\/09\/Ramka-cnorto-bold-1024x1024.png 1024w, https:\/\/cnorto.devzadbana.pl\/wp-content\/uploads\/2025\/09\/Ramka-cnorto-bold-300x300.png 300w, https:\/\/cnorto.devzadbana.pl\/wp-content\/uploads\/2025\/09\/Ramka-cnorto-bold-150x150.png 150w, https:\/\/cnorto.devzadbana.pl\/wp-content\/uploads\/2025\/09\/Ramka-cnorto-bold-768x768.png 768w, https:\/\/cnorto.devzadbana.pl\/wp-content\/uploads\/2025\/09\/Ramka-cnorto-bold.png 1080w\" sizes=\"(max-width: 1024px) 100vw, 1024px\" \/>\t\t\t\t\t\t\t\t\t\t\t\t\t\t\t<\/div>\n\t\t\t\t<\/div>\n\t\t<div class=\"elementor-element elementor-element-e8de49f e-con-full e-flex e-con e-child\" data-id=\"e8de49f\" data-element_type=\"container\">\n\t\t\t\t<div class=\"elementor-element elementor-element-171e664 elementor-widget elementor-widget-text-editor\" data-id=\"171e664\" data-element_type=\"widget\" data-widget_type=\"text-editor.default\">\n\t\t\t\t\t\t\t\t\t<p><strong>Ortodoncja<\/strong><\/p>\t\t\t\t\t\t\t\t<\/div>\n\t\t\t\t<\/div>\n\t\t\t\t<\/div>\n\t\t<div class=\"elementor-element elementor-element-4a23c16 e-con-full e-flex e-con e-child\" data-id=\"4a23c16\" data-element_type=\"container\">\n\t\t<div class=\"elementor-element elementor-element-10bf989 e-con-full e-flex e-con e-child\" data-id=\"10bf989\" data-element_type=\"container\" data-settings=\"{&quot;background_background&quot;:&quot;classic&quot;}\">\n\t\t\t\t<div class=\"elementor-element elementor-element-d619e91 elementor-widget elementor-widget-image\" data-id=\"d619e91\" data-element_type=\"widget\" data-widget_type=\"image.default\">\n\t\t\t\t\t\t\t\t\t\t\t\t\t\t\t<img fetchpriority=\"high\" decoding=\"async\" width=\"1024\" height=\"1024\" src=\"https:\/\/cnorto.devzadbana.pl\/wp-content\/uploads\/2025\/09\/Ramka-cnorto-bold-1024x1024.png\" class=\"attachment-large size-large wp-image-58\" alt=\"\" srcset=\"https:\/\/cnorto.devzadbana.pl\/wp-content\/uploads\/2025\/09\/Ramka-cnorto-bold-1024x1024.png 1024w, https:\/\/cnorto.devzadbana.pl\/wp-content\/uploads\/2025\/09\/Ramka-cnorto-bold-300x300.png 300w, https:\/\/cnorto.devzadbana.pl\/wp-content\/uploads\/2025\/09\/Ramka-cnorto-bold-150x150.png 150w, https:\/\/cnorto.devzadbana.pl\/wp-content\/uploads\/2025\/09\/Ramka-cnorto-bold-768x768.png 768w, https:\/\/cnorto.devzadbana.pl\/wp-content\/uploads\/2025\/09\/Ramka-cnorto-bold.png 1080w\" sizes=\"(max-width: 1024px) 100vw, 1024px\" \/>\t\t\t\t\t\t\t\t\t\t\t\t\t\t\t<\/div>\n\t\t\t\t<\/div>\n\t\t<div class=\"elementor-element elementor-element-f8181a7 e-con-full e-flex e-con e-child\" data-id=\"f8181a7\" data-element_type=\"container\">\n\t\t\t\t<div class=\"elementor-element elementor-element-69e7648 elementor-widget elementor-widget-text-editor\" data-id=\"69e7648\" data-element_type=\"widget\" data-widget_type=\"text-editor.default\">\n\t\t\t\t\t\t\t\t\t<p>Stomatologia<\/p>\t\t\t\t\t\t\t\t<\/div>\n\t\t\t\t<\/div>\n\t\t\t\t<\/div>\n\t\t\t\t<\/div>\n\t\t<div class=\"elementor-element elementor-element-1e8b571 e-con-full e-flex e-con e-child\" data-id=\"1e8b571\" data-element_type=\"container\">\n\t\t<div class=\"elementor-element elementor-element-e8d94b3 e-con-full e-flex e-con e-child\" data-id=\"e8d94b3\" data-element_type=\"container\">\n\t\t<div class=\"elementor-element elementor-element-873fa0e e-con-full e-flex e-con e-child\" data-id=\"873fa0e\" data-element_type=\"container\" data-settings=\"{&quot;background_background&quot;:&quot;classic&quot;}\">\n\t\t\t\t<div class=\"elementor-element elementor-element-e3852f1 elementor-widget elementor-widget-image\" data-id=\"e3852f1\" data-element_type=\"widget\" data-widget_type=\"image.default\">\n\t\t\t\t\t\t\t\t\t\t\t\t\t\t\t<img fetchpriority=\"high\" decoding=\"async\" width=\"1024\" height=\"1024\" src=\"https:\/\/cnorto.devzadbana.pl\/wp-content\/uploads\/2025\/09\/Ramka-cnorto-bold-1024x1024.png\" class=\"attachment-large size-large wp-image-58\" alt=\"\" srcset=\"https:\/\/cnorto.devzadbana.pl\/wp-content\/uploads\/2025\/09\/Ramka-cnorto-bold-1024x1024.png 1024w, https:\/\/cnorto.devzadbana.pl\/wp-content\/uploads\/2025\/09\/Ramka-cnorto-bold-300x300.png 300w, https:\/\/cnorto.devzadbana.pl\/wp-content\/uploads\/2025\/09\/Ramka-cnorto-bold-150x150.png 150w, https:\/\/cnorto.devzadbana.pl\/wp-content\/uploads\/2025\/09\/Ramka-cnorto-bold-768x768.png 768w, https:\/\/cnorto.devzadbana.pl\/wp-content\/uploads\/2025\/09\/Ramka-cnorto-bold.png 1080w\" sizes=\"(max-width: 1024px) 100vw, 1024px\" \/>\t\t\t\t\t\t\t\t\t\t\t\t\t\t\t<\/div>\n\t\t\t\t<\/div>\n\t\t<div class=\"elementor-element elementor-element-cd5f0b5 e-con-full e-flex e-con e-child\" data-id=\"cd5f0b5\" data-element_type=\"container\">\n\t\t\t\t<div class=\"elementor-element elementor-element-54c052f elementor-widget elementor-widget-text-editor\" data-id=\"54c052f\" data-element_type=\"widget\" data-widget_type=\"text-editor.default\">\n\t\t\t\t\t\t\t\t\t<p><b>Implantologia<\/b><\/p>\t\t\t\t\t\t\t\t<\/div>\n\t\t\t\t<\/div>\n\t\t\t\t<\/div>\n\t\t<div class=\"elementor-element elementor-element-3651175 e-con-full e-flex e-con e-child\" data-id=\"3651175\" data-element_type=\"container\">\n\t\t<div class=\"elementor-element elementor-element-5122ce6 e-con-full e-flex e-con e-child\" data-id=\"5122ce6\" data-element_type=\"container\" data-settings=\"{&quot;background_background&quot;:&quot;classic&quot;}\">\n\t\t\t\t<div class=\"elementor-element elementor-element-36ebaea elementor-widget elementor-widget-image\" data-id=\"36ebaea\" data-element_type=\"widget\" data-widget_type=\"image.default\">\n\t\t\t\t\t\t\t\t\t\t\t\t\t\t\t<img fetchpriority=\"high\" decoding=\"async\" width=\"1024\" height=\"1024\" src=\"https:\/\/cnorto.devzadbana.pl\/wp-content\/uploads\/2025\/09\/Ramka-cnorto-bold-1024x1024.png\" class=\"attachment-large size-large wp-image-58\" alt=\"\" srcset=\"https:\/\/cnorto.devzadbana.pl\/wp-content\/uploads\/2025\/09\/Ramka-cnorto-bold-1024x1024.png 1024w, https:\/\/cnorto.devzadbana.pl\/wp-content\/uploads\/2025\/09\/Ramka-cnorto-bold-300x300.png 300w, https:\/\/cnorto.devzadbana.pl\/wp-content\/uploads\/2025\/09\/Ramka-cnorto-bold-150x150.png 150w, https:\/\/cnorto.devzadbana.pl\/wp-content\/uploads\/2025\/09\/Ramka-cnorto-bold-768x768.png 768w, https:\/\/cnorto.devzadbana.pl\/wp-content\/uploads\/2025\/09\/Ramka-cnorto-bold.png 1080w\" sizes=\"(max-width: 1024px) 100vw, 1024px\" \/>\t\t\t\t\t\t\t\t\t\t\t\t\t\t\t<\/div>\n\t\t\t\t<\/div>\n\t\t<div class=\"elementor-element elementor-element-ec03d31 e-con-full e-flex e-con e-child\" data-id=\"ec03d31\" data-element_type=\"container\">\n\t\t\t\t<div class=\"elementor-element elementor-element-e5b4107 elementor-widget elementor-widget-text-editor\" data-id=\"e5b4107\" data-element_type=\"widget\" data-widget_type=\"text-editor.default\">\n\t\t\t\t\t\t\t\t\t<p><b>Chirurgia<\/b><\/p>\t\t\t\t\t\t\t\t<\/div>\n\t\t\t\t<\/div>\n\t\t\t\t<\/div>\n\t\t\t\t<\/div>\n\t\t\t\t\t<\/div>\n\t\t\t\t<\/div>\n\t\t\t\t<\/div>\n\t\t","protected":false},"excerpt":{"rendered":"<p>Nowoczesna klinika ortodontyczna Dr Weroniki Wierusz-Hajdackiej Um\u00f3w wizyt\u0119 bez wychodzenia z domu! BEZP\u0141ATNA KONSULTACJA ONLINE Um\u00f3w wizyt\u0119 w gabinecie Dlaczego my? Wieloletnie do\u015bwiadczenieJeste\u015bmy jedn\u0105 z pierwszych prywatnych praktyk ortodontycznych w Polsce. Skutecznie leczymy dzieci, m\u0142odzie\u017c i doros\u0142ych. Specjalizujemy si\u0119 w przezroczystych nak\u0142adkach Invisalign ju\u017c od 2008r. Nasz zesp\u00f3\u0142 tworz\u0105 lekarze specjali\u015bci, w wi\u0119kszo\u015bci aktywni wyk\u0142adowcy&#8230;<\/p>\n","protected":false},"author":1,"featured_media":0,"parent":0,"menu_order":0,"comment_status":"closed","ping_status":"closed","template":"","meta":{"_kad_post_transparent":"","_kad_post_title":"hide","_kad_post_layout":"fullwidth","_kad_post_sidebar_id":"","_kad_post_content_style":"unboxed","_kad_post_vertical_padding":"hide","_kad_post_feature":"hide","_kad_post_feature_position":"","_kad_post_header":false,"_kad_post_footer":false,"footnotes":""},"class_list":["post-7","page","type-page","status-publish","hentry"],"_links":{"self":[{"href":"https:\/\/cnorto.devzadbana.pl\/index.php\/wp-json\/wp\/v2\/pages\/7","targetHints":{"allow":["GET"]}}],"collection":[{"href":"https:\/\/cnorto.devzadbana.pl\/index.php\/wp-json\/wp\/v2\/pages"}],"about":[{"href":"https:\/\/cnorto.devzadbana.pl\/index.php\/wp-json\/wp\/v2\/types\/page"}],"author":[{"embeddable":true,"href":"https:\/\/cnorto.devzadbana.pl\/index.php\/wp-json\/wp\/v2\/users\/1"}],"replies":[{"embeddable":true,"href":"https:\/\/cnorto.devzadbana.pl\/index.php\/wp-json\/wp\/v2\/comments?post=7"}],"version-history":[{"count":0,"href":"https:\/\/cnorto.devzadbana.pl\/index.php\/wp-json\/wp\/v2\/pages\/7\/revisions"}],"wp:attachment":[{"href":"https:\/\/cnorto.devzadbana.pl\/index.php\/wp-json\/wp\/v2\/media?parent=7"}],"curies":[{"name":"wp","href":"https:\/\/api.w.org\/{rel}","templated":true}]}}